{"id":2210,"date":"2025-02-24T17:35:32","date_gmt":"2025-02-24T16:35:32","guid":{"rendered":"https:\/\/ewopharma.shop\/product\/extra-firming-night-cream-50-ml\/"},"modified":"2026-04-09T14:08:39","modified_gmt":"2026-04-09T12:08:39","slug":"extra-firming-night-cream-50-ml","status":"publish","type":"product","link":"https:\/\/ewopharma.shop\/cz\/produkt\/extra-firming-night-cream-50-ml\/","title":{"rendered":"Revalid Extra-Firming Night Cream 50ml"},"content":{"rendered":"<h2>\u00da\u010dinek<\/h2>\n<ul>\n<li>100 % \u017een potvrzuje: rychle se vst\u0159eb\u00e1v\u00e1 (u\u017eivatelsk\u00e1 studie, aplikace po dobu 28 dn\u00ed)<\/li>\n<li>93 % \u017een potvrzuje: redukuje zn\u00e1mky st\u00e1rnut\u00ed (u\u017eivatelsk\u00e1 studie, aplikace po dobu 28 dn\u00ed)<\/li>\n<li>+39 % okam\u017eit\u00e9 hydratace (m\u011b\u0159eno pomoc\u00ed za\u0159\u00edzen\u00ed na m\u011b\u0159en\u00ed pleti po 28 dnech ka\u017edodenn\u00ed aplikace)<\/li>\n<li>100 % \u017een potvrzuje: zanech\u00e1v\u00e1 poko\u017eku hebkou a jemnou (u\u017eivatelsk\u00e1 studie, aplikace po dobu 28 dn\u00ed)<\/li>\n<\/ul>\n<hr class=\"desc-separator\">\n<h2>Pro koho<\/h2>\n<p><strong>Pro \u017eeny, kter\u00e9 tou\u017e\u00ed po regeneraci b\u011bhem noci<br \/>\n<\/strong>Extra zpev\u0148uj\u00edc\u00ed no\u010dn\u00ed kr\u00e9m Revalid je ide\u00e1ln\u00ed volbou pro \u017eeny ve v\u011bku 30 let a v\u00edce. Tento kr\u00e9m intenzivn\u011b hydratuje a revitalizuje ple\u0165 b\u011bhem sp\u00e1nku. D\u00edky \u0161v\u00fdcarsk\u00e9 biotechnologick\u00e9 inovaci podporuje p\u0159irozen\u00e9 regenera\u010dn\u00ed procesy poko\u017eky, d\u00edky nim\u017e je ple\u0165 do r\u00e1na pevn\u011bj\u0161\u00ed, hlad\u0161\u00ed a z\u00e1\u0159iv\u011bj\u0161\u00ed. <\/p>\n<p><strong>Bezstarostn\u00e1 no\u010dn\u00ed p\u00e9\u010de<br \/>\n<\/strong>Tento bohat\u00fd kr\u00e9m je perfektn\u00edm no\u010dn\u00edm spole\u010dn\u00edkem pro sv\u011b\u017e\u00ed a mladistvou ple\u0165 ka\u017ed\u00e9 r\u00e1no. Pro optim\u00e1ln\u00ed v\u00fdsledky pou\u017eijte kr\u00e9m po aplikaci s\u00e9ra Revalid Extra-Firming Boost Serum. <\/p>\n<hr class=\"desc-separator\">\n<h2>Jak pou\u017e\u00edvat<\/h2>\n<p>Naneste ka\u017ed\u00fd ve\u010der na \u010distou ple\u0165 a jemn\u011b vmas\u00edrujte mal\u00e9 mno\u017estv\u00ed na obli\u010dej a krk, nechte kr\u00e9m vst\u0159ebat a p\u016fsobit p\u0159es noc. Pro je\u0161t\u011b lep\u0161\u00ed v\u00fdsledky doporu\u010dujeme nejprve aplikovat Revalid Extra-Firming Boost Serum, kter\u00e9 pom\u016f\u017ee udr\u017eet vlhkost a podpo\u0159it regeneraci pleti.  <\/p>\n","protected":false},"excerpt":{"rendered":"<p>Vy\u017eivujte a obnovujte pevnost pleti b\u011bhem sp\u00e1nku. Revalid Extra-Firming Night Cream s pokro\u010dilou \u0161v\u00fdcarskou biotechnologi\u00ed pracuje v souladu s p\u0159irozen\u00fdm procesem no\u010dn\u00ed obnovy pleti.<br \/>\nObohacen\u00fd o vysoce \u00fa\u010dinn\u00fd rostlinn\u00fd komplex podporuj\u00edc\u00ed p\u0159irozenou produkci kolagenu, extrakt z mikro\u0159as, organick\u00fd \u0161v\u00fdcarsk\u00fd zimolez a sodnou s\u016fl kyseliny hyaluronov\u00e9. Tento bohat\u00fd kr\u00e9m pom\u00e1h\u00e1 vyhladit, zpevnit a omladit ple\u0165, zanech\u00e1v\u00e1 ji z\u00e1\u0159ivou a mladistv\u011b vypadaj\u00edc\u00ed ji\u017e od brzk\u00e9ho r\u00e1na. Vyu\u017eijte omlazuj\u00edc\u00ed a regeneruj\u00edc\u00ed \u00fa\u010dinky no\u010dn\u00edho sp\u00e1nku \u2013 a probu\u010fte se ka\u017ed\u00e9 r\u00e1no s s viditeln\u011b pevn\u011bj\u0161\u00ed, jemn\u011bj\u0161\u00ed a zdrav\u011bji vypadaj\u00edc\u00ed plet\u00ed.  <\/p>\n<p>Vhodn\u00e9 pro citlivou poko\u017eku, nekomedogenn\u00ed, netestov\u00e1no na zv\u00ed\u0159atech, bez paraben\u016f a dal\u0161\u00edch zn\u00e1m\u00fdch dr\u00e1\u017ediv\u00fdch l\u00e1tek.<\/p>\n<p>97 % ingredienc\u00ed p\u0159\u00edrodn\u00edho p\u016fvodu a 100% vegansk\u00e9.<\/p>\n<p>50 ml<\/p>\n<div class=\"badge-grid\"><img loading=\"lazy\" decoding=\"async\" src=\"\/wp-content\/uploads\/2025\/02\/badge-swiss-formula.png\" alt=\"\u0161v\u00fdcarsk\u00e1 formule\" width=\"80\" height=\"80\"><\/div>\n","protected":false},"featured_media":3719,"comment_status":"closed","ping_status":"closed","template":"","meta":{"_acf_changed":false,"inline_featured_image":false,"_kad_blocks_custom_css":"","_kad_blocks_head_custom_js":"","_kad_blocks_body_custom_js":"","_kad_blocks_footer_custom_js":"","_kad_post_transparent":"default","_kad_post_title":"","_kad_post_layout":"default","_kad_post_sidebar_id":"","_kad_post_content_style":"default","_kad_post_vertical_padding":"default","_kad_post_feature":"","_kad_post_feature_position":"","_kad_post_header":false,"_kad_post_footer":false,"_kad_post_classname":""},"product-group":[137],"product_brand":[],"product_cat":[138],"product_tag":[],"class_list":{"0":"post-2210","1":"product","2":"type-product","3":"status-publish","4":"has-post-thumbnail","6":"product_cat-pletova-pece-cz","8":"first","9":"instock","10":"taxable","11":"shipping-taxable","12":"purchasable","13":"product-type-simple","14":"entry","15":"content-bg","16":"loop-entry"},"bundled_by":["3350"],"bundle_stock_status":"instock","bundle_stock_quantity":16074,"bundle_virtual":false,"bundle_layout":"","bundle_add_to_cart_form_location":"","bundle_editable_in_cart":false,"bundle_sold_individually_context":"","bundle_item_grouping":"","bundle_min_size":"","bundle_max_size":"","bundle_price":[],"bundled_items":[],"bundle_sell_ids":[],"acf":[],"taxonomy_info":{"product_cat":[{"value":138,"label":"Ple\u0165ov\u00e1 p\u00e9\u010de"}]},"featured_image_src_large":["https:\/\/ewopharma.shop\/wp-content\/uploads\/2025\/02\/SkinCare_NightCream_746x746.jpg",746,746,false],"author_info":[],"comment_info":0,"_links":{"self":[{"href":"https:\/\/ewopharma.shop\/cz\/wp-json\/wp\/v2\/product\/2210","targetHints":{"allow":["GET"]}}],"collection":[{"href":"https:\/\/ewopharma.shop\/cz\/wp-json\/wp\/v2\/product"}],"about":[{"href":"https:\/\/ewopharma.shop\/cz\/wp-json\/wp\/v2\/types\/product"}],"replies":[{"embeddable":true,"href":"https:\/\/ewopharma.shop\/cz\/wp-json\/wp\/v2\/comments?post=2210"}],"wp:featuredmedia":[{"embeddable":true,"href":"https:\/\/ewopharma.shop\/cz\/wp-json\/wp\/v2\/media\/3719"}],"wp:attachment":[{"href":"https:\/\/ewopharma.shop\/cz\/wp-json\/wp\/v2\/media?parent=2210"}],"wp:term":[{"taxonomy":"product-group","embeddable":true,"href":"https:\/\/ewopharma.shop\/cz\/wp-json\/wp\/v2\/product-group?post=2210"},{"taxonomy":"product_brand","embeddable":true,"href":"https:\/\/ewopharma.shop\/cz\/wp-json\/wp\/v2\/product_brand?post=2210"},{"taxonomy":"product_cat","embeddable":true,"href":"https:\/\/ewopharma.shop\/cz\/wp-json\/wp\/v2\/product_cat?post=2210"},{"taxonomy":"product_tag","embeddable":true,"href":"https:\/\/ewopharma.shop\/cz\/wp-json\/wp\/v2\/product_tag?post=2210"}],"curies":[{"name":"wp","href":"https:\/\/api.w.org\/{rel}","templated":true}]}}