{"id":2214,"date":"2025-02-24T17:35:32","date_gmt":"2025-02-24T16:35:32","guid":{"rendered":"https:\/\/ewopharma.shop\/product\/extra-firming-day-cream-50-ml\/"},"modified":"2026-04-09T14:08:39","modified_gmt":"2026-04-09T12:08:39","slug":"extra-firming-day-cream-50-ml","status":"publish","type":"product","link":"https:\/\/ewopharma.shop\/cz\/produkt\/extra-firming-day-cream-50-ml\/","title":{"rendered":"Revalid Extra-Firming Day Cream 50ml"},"content":{"rendered":"<h2>\u00da\u010dinek<\/h2>\n<ul>\n<li>79 % \u017een potvrzuje: zlep\u0161uje pru\u017enost poko\u017eky (u\u017eivatelsk\u00e1 studie, aplikace po dobu 28 dn\u00ed)<\/li>\n<li>Vyhlazuje vr\u00e1sky ji\u017e za 14 dn\u00ed (dermatologick\u00e9 hodnocen\u00ed po 14 dnech aplikace)<\/li>\n<li>+47% rozjasn\u011bn\u00ed pleti (m\u011b\u0159eno pomoc\u00ed za\u0159\u00edzen\u00ed na m\u011b\u0159en\u00ed pleti po 28 dnech ka\u017edodenn\u00ed aplikace)<\/li>\n<li>100 % \u017een potvrzuje: ple\u0165 je hlad\u0161\u00ed (u\u017eivatelsk\u00e1 studie, aplikace po dobu 28 dn\u00ed)<\/li>\n<li>100 % \u017een potvrzuje: perfektn\u00ed pod make-up (u\u017eivatelsk\u00e1 studie, aplikace po dobu 28 dn\u00ed)<\/li>\n<\/ul>\n<hr class=\"desc-separator\">\n<h2>Pro koho<\/h2>\n<p><strong>Pro \u017eeny, kter\u00e9 tou\u017e\u00ed po rozjasn\u011bn\u00e9 a nest\u00e1rnouc\u00ed pleti<\/strong><br \/>\nIde\u00e1ln\u00ed pro \u017eeny ve v\u011bku 30, 40 let a v\u00edce, kter\u00e9 cht\u011bj\u00ed zpomalit prvn\u00ed zn\u00e1mky st\u00e1rnut\u00ed. A\u0165 u\u017e se zam\u011b\u0159ujete na vyhlazen\u00ed vr\u00e1sek, rozjasn\u011bn\u00ed pleti nebo hloubkovou hydrataci s viditeln\u00fdm liftingov\u00fdm efektem, Revalid extra zpev\u0148uj\u00edc\u00ed denn\u00ed kr\u00e9m v\u00e1s podpo\u0159\u00ed na cest\u011b ke zdrav\u00e9 a mladistv\u00e9 pleti. Klinicky testovan\u00fd, lehk\u00fd kr\u00e9m navr\u017een\u00fd pro aktivn\u00ed \u017eivotn\u00ed styl se skv\u011ble hod\u00ed pod make-up i jako samostatn\u00e1 p\u00e9\u010de \u2013 poskytuje celodenn\u00ed ochranu a pocit sebev\u011bdom\u00ed.  <\/p>\n<p><strong>Perfektn\u00ed samostatn\u011b i v kombinaci se s\u00e9rem<\/strong><br \/>\nPro dosa\u017een\u00ed nejlep\u0161\u00edch v\u00fdsledk\u016f pou\u017e\u00edvejte po aplikaci Revalid Extra-Firming Boost Serum, nebo samostatn\u011b jako p\u0159irozenou sou\u010d\u00e1st ka\u017edodenn\u00ed p\u00e9\u010de o ple\u0165. Ide\u00e1ln\u00ed pro aktivn\u00ed \u017eivotn\u00ed styl \u2013 kr\u00e9m se skv\u011ble hod\u00ed pod make-up a pom\u00e1h\u00e1 udr\u017eet ple\u0165 sv\u011b\u017e\u00ed, odolnou a z\u00e1\u0159ivou ka\u017ed\u00fd den. <\/p>\n<hr class=\"desc-separator\">\n<h2>Jak pou\u017e\u00edvat<\/h2>\n<p>Naneste ka\u017ed\u00e9 r\u00e1no na \u010distou ple\u0165 a jemn\u011b vmas\u00edrujte na obli\u010dej a krk. D\u00edky sv\u00e9 lehk\u00e9 textu\u0159e se rychle vst\u0159eb\u00e1v\u00e1 a nezanech\u00e1v\u00e1 \u017e\u00e1dn\u00e9 zbytky, co\u017e ho \u010din\u00ed ide\u00e1ln\u00edm z\u00e1kladem pod make-up. Pro je\u0161t\u011b leps\u00ed v\u00fdsledky doporu\u010dujeme nejprve aplikovat Revalid Extra-Firming Boost Serum, abyste maxim\u00e1ln\u011b podpo\u0159ili \u00fa\u010dinky a udr\u017eeli ple\u0165 z\u00e1\u0159ivou po cel\u00fd den.  <\/p>\n","protected":false},"excerpt":{"rendered":"<p>Za\u010dn\u011bte sv\u016fj den kr\u00e9mem, jeho\u017e slo\u017een\u00ed zvy\u0161uje p\u0159irozenou vitalitu va\u0161\u00ed pleti. Obohacen\u00fd o rostlinn\u00fd kolagenov\u00fd komplex, siln\u00e9 antioxidanty a v\u00fd\u017eivuj\u00edc\u00ed mikro\u0159asy, p\u016fsob\u00ed proti jemn\u00fdm vr\u00e1sk\u00e1m a podporuje z\u00e1\u0159iv\u00fd a mladistv\u00fd vzhled pleti. Ka\u017ed\u00e9 pou\u017eit\u00ed poskytuje poko\u017ece intenzivn\u00ed hydrataci a zklid\u0148uj\u00edc\u00ed komfort d\u00edky lehk\u00e9, nemastn\u00e9 textu\u0159e, kter\u00e1 je ide\u00e1ln\u00ed i pro pou\u017eit\u00ed pod make-up. Vychutnejte si pevn\u011bj\u0161\u00ed ple\u0165, optim\u00e1ln\u00ed hydrataci a ochranu proti vn\u011bj\u0161\u00edm vliv\u016fm a oxida\u010dn\u00edmu po\u0161kozen\u00ed. Zachovejte si pru\u017enost, sv\u011b\u017eest a jas po cel\u00fd den.    <\/p>\n<p>Vhodn\u00e9 pro citlivou poko\u017eku, nekomedogenn\u00ed, netestov\u00e1no na zv\u00ed\u0159atech, bez paraben\u016f a jin\u00fdch dr\u00e1\u017ediv\u00fdch l\u00e1tek.<\/p>\n<p>93 % ingredienc\u00ed p\u0159\u00edrodn\u00edho p\u016fvodu a 100 % vegansk\u00e9.<\/p>\n<p>50 ml<\/p>\n<div class=\"badge-grid\"><img loading=\"lazy\" decoding=\"async\" src=\"\/wp-content\/uploads\/2025\/02\/badge-swiss-formula.png\" alt=\"\u0161v\u00fdcarsk\u00e1 formule\" width=\"80\" height=\"80\"><\/div>\n","protected":false},"featured_media":3736,"comment_status":"closed","ping_status":"closed","template":"","meta":{"_acf_changed":false,"inline_featured_image":false,"_kad_blocks_custom_css":"","_kad_blocks_head_custom_js":"","_kad_blocks_body_custom_js":"","_kad_blocks_footer_custom_js":"","_kad_post_transparent":"default","_kad_post_title":"","_kad_post_layout":"default","_kad_post_sidebar_id":"","_kad_post_content_style":"default","_kad_post_vertical_padding":"default","_kad_post_feature":"","_kad_post_feature_position":"","_kad_post_header":false,"_kad_post_footer":false,"_kad_post_classname":""},"product-group":[137],"product_brand":[],"product_cat":[138],"product_tag":[],"class_list":{"0":"post-2214","1":"product","2":"type-product","3":"status-publish","4":"has-post-thumbnail","6":"product_cat-pletova-pece-cz","8":"first","9":"instock","10":"taxable","11":"shipping-taxable","12":"purchasable","13":"product-type-simple","14":"entry","15":"content-bg","16":"loop-entry"},"bundled_by":["3350"],"bundle_stock_status":"instock","bundle_stock_quantity":16391,"bundle_virtual":false,"bundle_layout":"","bundle_add_to_cart_form_location":"","bundle_editable_in_cart":false,"bundle_sold_individually_context":"","bundle_item_grouping":"","bundle_min_size":"","bundle_max_size":"","bundle_price":[],"bundled_items":[],"bundle_sell_ids":[],"acf":[],"taxonomy_info":{"product_cat":[{"value":138,"label":"Ple\u0165ov\u00e1 p\u00e9\u010de"}]},"featured_image_src_large":["https:\/\/ewopharma.shop\/wp-content\/uploads\/2025\/02\/SkinCare_DayCream_746x746.jpg",746,746,false],"author_info":[],"comment_info":0,"_links":{"self":[{"href":"https:\/\/ewopharma.shop\/cz\/wp-json\/wp\/v2\/product\/2214","targetHints":{"allow":["GET"]}}],"collection":[{"href":"https:\/\/ewopharma.shop\/cz\/wp-json\/wp\/v2\/product"}],"about":[{"href":"https:\/\/ewopharma.shop\/cz\/wp-json\/wp\/v2\/types\/product"}],"replies":[{"embeddable":true,"href":"https:\/\/ewopharma.shop\/cz\/wp-json\/wp\/v2\/comments?post=2214"}],"wp:featuredmedia":[{"embeddable":true,"href":"https:\/\/ewopharma.shop\/cz\/wp-json\/wp\/v2\/media\/3736"}],"wp:attachment":[{"href":"https:\/\/ewopharma.shop\/cz\/wp-json\/wp\/v2\/media?parent=2214"}],"wp:term":[{"taxonomy":"product-group","embeddable":true,"href":"https:\/\/ewopharma.shop\/cz\/wp-json\/wp\/v2\/product-group?post=2214"},{"taxonomy":"product_brand","embeddable":true,"href":"https:\/\/ewopharma.shop\/cz\/wp-json\/wp\/v2\/product_brand?post=2214"},{"taxonomy":"product_cat","embeddable":true,"href":"https:\/\/ewopharma.shop\/cz\/wp-json\/wp\/v2\/product_cat?post=2214"},{"taxonomy":"product_tag","embeddable":true,"href":"https:\/\/ewopharma.shop\/cz\/wp-json\/wp\/v2\/product_tag?post=2214"}],"curies":[{"name":"wp","href":"https:\/\/api.w.org\/{rel}","templated":true}]}}