{"id":2218,"date":"2025-02-24T17:35:31","date_gmt":"2025-02-24T16:35:31","guid":{"rendered":"https:\/\/ewopharma.shop\/product\/extra-firming-boost-serum-30-ml\/"},"modified":"2026-04-09T14:08:39","modified_gmt":"2026-04-09T12:08:39","slug":"extra-firming-boost-serum-30-ml","status":"publish","type":"product","link":"https:\/\/ewopharma.shop\/cz\/produkt\/extra-firming-boost-serum-30-ml\/","title":{"rendered":"Revalid Extra-Firming Boost Serum 30ml"},"content":{"rendered":"<h2>\u00da\u010dinek<\/h2>\n<ul>\n<li>+140 % zv\u00fd\u0161en\u00ed bun\u011b\u010dn\u00e9 energie (klinick\u00e9 testov\u00e1n\u00ed \u00fa\u010dinn\u00fdch slo\u017eek)<\/li>\n<li>100% \u017een uv\u00e1d\u00ed: m\u00e1 liftingov\u00fd efekt (U\u017eivatelsk\u00e1 studie, aplikace po dobu 28 dn\u00ed)<\/li>\n<li>+123 % produkce kolagenu (klinick\u00e9 testov\u00e1n\u00ed \u00fa\u010dinn\u00fdch slo\u017eek)<\/li>\n<li>+65% elasticita poko\u017eky (dermatologick\u00e9 hodnocen\u00ed po 14 dnech aplikace)<\/li>\n<\/ul>\n<hr class=\"desc-separator\">\n<h2>Pro koho<\/h2>\n<p><strong>Pro \u017eeny, kter\u00e9 tou\u017e\u00ed po z\u00e1\u0159iv\u00e9 a pevn\u00e9 pleti<\/strong><br \/>\nPerfektn\u00ed pro \u017eeny ve v\u011bku 30, 40 let a v\u00edce, boost s\u00e9rum Revalid Extra-Firming se zam\u011b\u0159uje na viditeln\u00e9 zn\u00e1mky st\u00e1rnut\u00ed. Navr\u017eeno pro norm\u00e1ln\u00ed a\u017e suchou ple\u0165, vyhlazuje vr\u00e1sky, stimuluje produkci kolagenu a kyseliny hyaluronov\u00e9 a urychluje obnovu ko\u017en\u00edch bun\u011bk. <\/p>\n<p>Snadno se za\u010dlen\u00ed do jak\u00e9koli p\u00e9\u010de o ple\u0165, skv\u011ble se nan\u00e1\u0161\u00ed pod make-up, tak\u017ee je ide\u00e1ln\u00ed i pro hektick\u00fd \u017eivotn\u00ed styl. A\u0165 u\u017e je v\u00e1m 30, 40 let nebo v\u00edce, Revalid Extra-Firming Boost Serum podporuje va\u0161i ple\u0165, aby vypadala a c\u00edtila se ka\u017ed\u00fd den co nejl\u00e9pe. <\/p>\n<hr class=\"desc-separator\">\n<h2>Jak pou\u017e\u00edvat<\/h2>\n<p>Pro nejlep\u0161\u00ed v\u00fdsledky naneste r\u00e1no a ve\u010der na vy\u010di\u0161t\u011bnou ple\u0165. Na pokryt\u00ed obli\u010deje a krku sta\u010d\u00ed 2-3 kapky. Jemn\u011b vklepejte do pleti a n\u00e1sledn\u011b pou\u017eijte denn\u00ed nebo no\u010dn\u00ed kr\u00e9m Revalid Extra-Firming, aby se \u00fa\u010dinky s\u00e9ra zachovaly a ple\u0165 byla hydratovan\u00e1 po cel\u00fd den nebo noc.  <\/p>\n","protected":false},"excerpt":{"rendered":"<p>Objevte s\u00e9rum, kter\u00e9 skute\u010dn\u011b p\u0159in\u00e1\u0161\u00ed viditeln\u00e9 v\u00fdsledky. Tato revolu\u010dn\u00ed inovace, vyvinut\u00e1 ve \u0160v\u00fdcarsku s vyu\u017eit\u00edm biotechnologick\u00fdch postup\u016f a \u00fa\u010dinn\u00fdch p\u0159\u00edrodn\u00edch ingredienc\u00ed, revitalizuje ple\u0165 a zanech\u00e1v\u00e1 ji z\u00e1\u0159ivou ji\u017e po prvn\u00edm pou\u017eit\u00ed. <\/p>\n<p>S unik\u00e1tn\u00ed <strong>sm\u011bs\u00ed multipeptid\u016f<\/strong> pro obnovu pleti, <strong>rostlinn\u00fdm komplexem podporuj\u00edc\u00edm tvorbu kolagenu<\/strong>, <strong>v\u00fdta\u017eky z mikro\u0159as<\/strong> pro zpevn\u011bn\u00ed a <strong>povzbuzen\u00ed pleti<\/strong> a <strong>antioxidanty ze \u0161v\u00fdcarsk\u00e9ho zimolezu<\/strong> poskytuje s\u00e9rum komplexn\u00ed p\u00e9\u010di pro pevn\u011bj\u0161\u00ed a mladistv\u011bj\u0161\u00ed vzhled pleti.<\/p>\n<p>Pokud je va\u0161e ple\u0165 unaven\u00e1, povadl\u00e1 nebo postr\u00e1d\u00e1 pru\u017enost, toto lehk\u00e9, rychle se vst\u0159eb\u00e1vaj\u00edc\u00ed s\u00e9rum ji hloubkov\u011b hydratuje, obnovuje a dod\u00e1v\u00e1 energii \u2013 p\u0159in\u00e1\u0161\u00ed \u0161v\u00fdcarsk\u00e9 biotechnologick\u00e9 inovace p\u0159\u00edmo do va\u0161\u00ed ka\u017edodenn\u00ed p\u00e9\u010de. Ihned po aplikaci poc\u00edt\u00edte okam\u017eit\u00fd liftingov\u00fd efekt, kter\u00fd zanech\u00e1 va\u0161i ple\u0165 hlad\u0161\u00ed a mladistv\u011bj\u0161\u00ed. Podpo\u0159te pru\u017enost poko\u017eky a redukujte jemn\u00e9 vr\u00e1sky.  <\/p>\n<p>Vhodn\u00e9 pro citlivou poko\u017eku, nekomedogenn\u00ed, netestov\u00e1no na zv\u00ed\u0159atech, bez paraben\u016f a dal\u0161\u00edch zn\u00e1m\u00fdch dr\u00e1\u017ediv\u00fdch l\u00e1tek.<\/p>\n<p>95 % p\u0159\u00edrodn\u00edch ingredienc\u00ed a 100 % vegansk\u00e9.<\/p>\n<p>30 ml<\/p>\n<div class=\"badge-grid\"><img loading=\"lazy\" decoding=\"async\" src=\"\/wp-content\/uploads\/2025\/02\/badge-swiss-formula.png\" alt=\"\u0161v\u00fdcarsk\u00e1 formule\" width=\"80\" height=\"80\"><\/div>\n","protected":false},"featured_media":3707,"comment_status":"closed","ping_status":"closed","template":"","meta":{"_acf_changed":false,"inline_featured_image":false,"_kad_blocks_custom_css":"","_kad_blocks_head_custom_js":"","_kad_blocks_body_custom_js":"","_kad_blocks_footer_custom_js":"","_kad_post_transparent":"default","_kad_post_title":"","_kad_post_layout":"default","_kad_post_sidebar_id":"","_kad_post_content_style":"default","_kad_post_vertical_padding":"default","_kad_post_feature":"","_kad_post_feature_position":"","_kad_post_header":false,"_kad_post_footer":false,"_kad_post_classname":""},"product-group":[137],"product_brand":[],"product_cat":[138],"product_tag":[],"class_list":{"0":"post-2218","1":"product","2":"type-product","3":"status-publish","4":"has-post-thumbnail","6":"product_cat-pletova-pece-cz","8":"first","9":"instock","10":"taxable","11":"shipping-taxable","12":"purchasable","13":"product-type-simple","14":"entry","15":"content-bg","16":"loop-entry"},"bundled_by":["3350"],"bundle_stock_status":"instock","bundle_stock_quantity":8630,"bundle_virtual":false,"bundle_layout":"","bundle_add_to_cart_form_location":"","bundle_editable_in_cart":false,"bundle_sold_individually_context":"","bundle_item_grouping":"","bundle_min_size":"","bundle_max_size":"","bundle_price":[],"bundled_items":[],"bundle_sell_ids":[],"acf":[],"taxonomy_info":{"product_cat":[{"value":138,"label":"Ple\u0165ov\u00e1 p\u00e9\u010de"}]},"featured_image_src_large":["https:\/\/ewopharma.shop\/wp-content\/uploads\/2025\/02\/SkinCare_Serum_746x746.jpg",746,746,false],"author_info":[],"comment_info":0,"_links":{"self":[{"href":"https:\/\/ewopharma.shop\/cz\/wp-json\/wp\/v2\/product\/2218","targetHints":{"allow":["GET"]}}],"collection":[{"href":"https:\/\/ewopharma.shop\/cz\/wp-json\/wp\/v2\/product"}],"about":[{"href":"https:\/\/ewopharma.shop\/cz\/wp-json\/wp\/v2\/types\/product"}],"replies":[{"embeddable":true,"href":"https:\/\/ewopharma.shop\/cz\/wp-json\/wp\/v2\/comments?post=2218"}],"wp:featuredmedia":[{"embeddable":true,"href":"https:\/\/ewopharma.shop\/cz\/wp-json\/wp\/v2\/media\/3707"}],"wp:attachment":[{"href":"https:\/\/ewopharma.shop\/cz\/wp-json\/wp\/v2\/media?parent=2218"}],"wp:term":[{"taxonomy":"product-group","embeddable":true,"href":"https:\/\/ewopharma.shop\/cz\/wp-json\/wp\/v2\/product-group?post=2218"},{"taxonomy":"product_brand","embeddable":true,"href":"https:\/\/ewopharma.shop\/cz\/wp-json\/wp\/v2\/product_brand?post=2218"},{"taxonomy":"product_cat","embeddable":true,"href":"https:\/\/ewopharma.shop\/cz\/wp-json\/wp\/v2\/product_cat?post=2218"},{"taxonomy":"product_tag","embeddable":true,"href":"https:\/\/ewopharma.shop\/cz\/wp-json\/wp\/v2\/product_tag?post=2218"}],"curies":[{"name":"wp","href":"https:\/\/api.w.org\/{rel}","templated":true}]}}