{"id":3017,"date":"2025-10-01T11:19:29","date_gmt":"2025-10-01T09:19:29","guid":{"rendered":"https:\/\/ewopharma.shop\/product\/revalid-hair-complex\/"},"modified":"2026-05-05T14:25:28","modified_gmt":"2026-05-05T12:25:28","slug":"revalid-hair-complex","status":"publish","type":"product","link":"https:\/\/ewopharma.shop\/pl\/produkt\/revalid-hair-complex\/","title":{"rendered":"Revalid Hair Complex Kapsu\u0142ki na porost w\u0142os\u00f3w"},"content":{"rendered":"<div>\n<p>&nbsp;<\/p>\n<h2>Dla kogo przeznaczony jest ten produkt?<\/h2>\n<h2><span style=\"font-size: 22px; font-weight: 300;\">Revalid Hair Complex to idealny produkt dla os\u00f3b zmagaj\u0105cych si\u0119 z przerzedzaniem si\u0119 w\u0142os\u00f3w, os\u0142abion\u0105 struktur\u0105 w\u0142os\u00f3w lub w\u0142osami, kt\u00f3re sta\u0142y si\u0119 bardziej podatne na uszkodzenia z powodu stresu i niedobor\u00f3w sk\u0142adnik\u00f3w od\u017cywczych. Odpowiedni do wszystkich rodzaj\u00f3w w\u0142os\u00f3w, jest szczeg\u00f3lnie korzystny, je\u015bli chcesz od\u017cywi\u0107 w\u0142osy i sk\u00f3r\u0119 g\u0142owy od wewn\u0105trz, wzmocni\u0107 naturalny cykl wzrostu i zbudowa\u0107 odporno\u015b\u0107 na wsp\u00f3\u0142czesne czynniki stresuj\u0105ce.<br \/>\nOpracowany z klinicznie przebadanymi substancjami aktywnymi, takimi jak Reishi, Polyporus, biotyna oraz niezb\u0119dnymi witaminami i minera\u0142ami, ten adaptogenny kompleks pomaga zr\u00f3wnowa\u017cy\u0107 niedobory sk\u0142adnik\u00f3w od\u017cywczych, przywr\u00f3ci\u0107 sk\u00f3rze g\u0142owy dobr\u0105 kondycj\u0119 i wzmocni\u0107, g\u0119stsze w\u0142osy. Sprawdzona szwajcarska nauka dla widocznych rezultat\u00f3w \u2014 oto efekt Revalid.  <\/span><\/h2>\n<div id=\"collapseOne\">\n<h2><\/h2>\n<h2>Sk\u0142adniki<\/h2>\n<ul>\n<li><span style=\"font-size: 22px; font-weight: 300;\">Kompleks adaptogenny: \u0142\u0105czy w sobie grzyby Reishi i Polyporus, kt\u00f3re pomagaj\u0105 organizmowi przystosowa\u0107 si\u0119 do wsp\u00f3\u0142czesnych czynnik\u00f3w stresogennych, r\u00f3wnowa\u017c\u0105 mikrobiom sk\u00f3ry g\u0142owy i wspieraj\u0105 odporno\u015b\u0107 na stres \u2014 ukryty czynnik powoduj\u0105cy przerzedzanie si\u0119 w\u0142os\u00f3w.<\/span><\/li>\n<li>Kompleks witaminowy: Starannie dobrane witaminy wsp\u00f3\u0142dzia\u0142aj\u0105, aby od\u017cywia\u0107 mieszki w\u0142osowe, utrzymywa\u0107 zdrowy cykl wzrostu w\u0142os\u00f3w i zapewni\u0107 \u015brodowisko sk\u00f3ry g\u0142owy sprzyjaj\u0105ce naturalnemu odrostowi.<\/li>\n<li>Kompleks aminokwas\u00f3w: zawiera metionin\u0119 i cystyn\u0119, dwa kluczowe aminokwasy, kt\u00f3re wspomagaj\u0105 produkcj\u0119 keratyny, wzmacniaj\u0105 struktur\u0119 w\u0142os\u00f3w i redukuj\u0105 \u0142amliwo\u015b\u0107 od wewn\u0105trz.<\/li>\n<\/ul>\n<\/div>\n<\/div>\n<div class=\"product-accordion-item acc-open hide-accordion\">\n<h2><\/h2>\n<h2>Informacje dotycz\u0105ce stosowania<\/h2>\n<h2 class=\"accordion-header\"><span style=\"font-size: 22px; font-weight: 300;\">Przyjmowa\u0107 jedn\u0105 tabletk\u0119 dziennie, w trakcie lub po posi\u0142ku. Nie nale\u017cy przekracza\u0107 zalecanej dziennej porcji. Chocia\u017c pozytywne rezultaty cz\u0119sto mo\u017cna zauwa\u017cy\u0107 ju\u017c w pierwszym miesi\u0105cu, zalecamy kontynuowanie kuracji przez co najmniej trzy miesi\u0105ce. W razie potrzeby dawk\u0119 mo\u017cna wyd\u0142u\u017cy\u0107 lub powt\u00f3rzy\u0107.   <\/span><\/h2>\n<div id=\"collapseOne\" class=\"accordion-collapse collapse show\">\n<div class=\"accordion-body\">\n<p>Ten suplement nie zast\u0119puje zr\u00f3\u017cnicowanej, zbilansowanej diety ani zdrowego stylu \u017cycia.<\/p>\n<\/div>\n<\/div>\n<\/div>\n","protected":false},"excerpt":{"rendered":"<p>Codzienny suplement diety opracowany, aby od\u017cywia\u0107 w\u0142osy od wewn\u0105trz. Ta zaawansowana szwajcarska formu\u0142a \u0142\u0105czy niezb\u0119dne minera\u0142y, witaminy, aminokwasy, adaptogeny (REISHI I POLYPORUS) oraz rozmaryn, aby wspiera\u0107 zdrowy wzrost w\u0142os\u00f3w i r\u00f3wnowag\u0119 sk\u00f3ry g\u0142owy. <\/p>\n<p>Revalid Hair Complex nie zawiera zb\u0119dnych dodatk\u00f3w, GMO, oleju palmowego, laktozy ani glutenu. Produkt w 100% wega\u0144ski. <\/p>\n<p>30 kapsu\u0142ek na 1 miesi\u0105c<\/p>\n","protected":false},"featured_media":3832,"comment_status":"closed","ping_status":"closed","template":"","meta":{"_acf_changed":false,"inline_featured_image":false,"_kad_blocks_custom_css":"","_kad_blocks_head_custom_js":"","_kad_blocks_body_custom_js":"","_kad_blocks_footer_custom_js":"","_kad_post_transparent":"","_kad_post_title":"","_kad_post_layout":"","_kad_post_sidebar_id":"","_kad_post_content_style":"","_kad_post_vertical_padding":"","_kad_post_feature":"","_kad_post_feature_position":"","_kad_post_header":false,"_kad_post_footer":false,"_kad_post_classname":""},"product-group":[56],"product_brand":[],"product_cat":[61],"product_tag":[],"class_list":{"0":"post-3017","1":"product","2":"type-product","3":"status-publish","4":"has-post-thumbnail","6":"product_cat-wypadanie-wlosow","7":"pa_size-30-kapsulek","8":"pa_size-90-kapsulek","10":"first","11":"instock","12":"taxable","13":"shipping-taxable","14":"purchasable","15":"product-type-variable","16":"has-default-attributes","17":"entry","18":"content-bg","19":"loop-entry"},"bundled_by":["3227","3239"],"bundle_stock_status":"instock","bundle_stock_quantity":12593,"bundle_virtual":false,"bundle_layout":"","bundle_add_to_cart_form_location":"","bundle_editable_in_cart":false,"bundle_sold_individually_context":"","bundle_item_grouping":"","bundle_min_size":"","bundle_max_size":"","bundle_price":[],"bundled_items":[],"bundle_sell_ids":[],"acf":[],"taxonomy_info":{"product_cat":[{"value":61,"label":"Wypadanie w\u0142os\u00f3w"}],"pa_size":[{"value":162,"label":"30 kapsu\u0142ek"},{"value":163,"label":"90 kapsu\u0142ek"}]},"featured_image_src_large":["https:\/\/ewopharma.shop\/wp-content\/uploads\/2025\/10\/Revalid_HC_combo-1.png",675,675,false],"author_info":[],"comment_info":0,"_links":{"self":[{"href":"https:\/\/ewopharma.shop\/pl\/wp-json\/wp\/v2\/product\/3017","targetHints":{"allow":["GET"]}}],"collection":[{"href":"https:\/\/ewopharma.shop\/pl\/wp-json\/wp\/v2\/product"}],"about":[{"href":"https:\/\/ewopharma.shop\/pl\/wp-json\/wp\/v2\/types\/product"}],"replies":[{"embeddable":true,"href":"https:\/\/ewopharma.shop\/pl\/wp-json\/wp\/v2\/comments?post=3017"}],"wp:featuredmedia":[{"embeddable":true,"href":"https:\/\/ewopharma.shop\/pl\/wp-json\/wp\/v2\/media\/3832"}],"wp:attachment":[{"href":"https:\/\/ewopharma.shop\/pl\/wp-json\/wp\/v2\/media?parent=3017"}],"wp:term":[{"taxonomy":"product-group","embeddable":true,"href":"https:\/\/ewopharma.shop\/pl\/wp-json\/wp\/v2\/product-group?post=3017"},{"taxonomy":"product_brand","embeddable":true,"href":"https:\/\/ewopharma.shop\/pl\/wp-json\/wp\/v2\/product_brand?post=3017"},{"taxonomy":"product_cat","embeddable":true,"href":"https:\/\/ewopharma.shop\/pl\/wp-json\/wp\/v2\/product_cat?post=3017"},{"taxonomy":"product_tag","embeddable":true,"href":"https:\/\/ewopharma.shop\/pl\/wp-json\/wp\/v2\/product_tag?post=3017"}],"curies":[{"name":"wp","href":"https:\/\/api.w.org\/{rel}","templated":true}]}}